{"id":286,"date":"2025-10-04T21:40:10","date_gmt":"2025-10-04T21:40:10","guid":{"rendered":"https:\/\/lavandariadamiao.pt\/?post_type=product&#038;p=286"},"modified":"2025-10-04T21:40:11","modified_gmt":"2025-10-04T21:40:11","slug":"pack-de-100-pecas","status":"publish","type":"product","link":"https:\/\/lavandariadamiao.pt\/index.php\/produto\/pack-de-100-pecas\/","title":{"rendered":"PACK DE 100 PE\u00c7AS"},"content":{"rendered":"<p>Engomadoria completa e cuidada de 25 pe\u00e7as de vestu\u00e1rio. Utilizamos produtos e t\u00e9cnicas adequadas para preservar os tecidos e garantir um acabamento impec\u00e1vel. Este servi\u00e7o devolve frescura, suavidade e apresenta\u00e7\u00e3o perfeita \u00e0s suas roupas, prontas a usar com total confian\u00e7a.<br \/>\nPre\u00e7o: 75 euros (pack de 100 pe\u00e7as).<\/p>\n","protected":false},"excerpt":{"rendered":"<p>Engomadoria completa e cuidada de 75 pe\u00e7as de vestu\u00e1rio. Utilizamos t\u00e9cnicas e produtos adequados para preservar os tecidos e garantir um acabamento perfeito. Roupas frescas, suaves e prontas a usar com total confian\u00e7a.<\/p>\n","protected":false},"featured_media":260,"comment_status":"open","ping_status":"closed","template":"","meta":[],"product_brand":[],"product_cat":[34],"product_tag":[38],"class_list":{"0":"post-286","1":"product","2":"type-product","3":"status-publish","4":"has-post-thumbnail","6":"product_cat-engomadoria-packs","7":"product_tag-pack-de-100-pecas","9":"first","10":"instock","11":"virtual","12":"purchasable","13":"product-type-simple"},"_links":{"self":[{"href":"https:\/\/lavandariadamiao.pt\/index.php\/wp-json\/wp\/v2\/product\/286","targetHints":{"allow":["GET"]}}],"collection":[{"href":"https:\/\/lavandariadamiao.pt\/index.php\/wp-json\/wp\/v2\/product"}],"about":[{"href":"https:\/\/lavandariadamiao.pt\/index.php\/wp-json\/wp\/v2\/types\/product"}],"replies":[{"embeddable":true,"href":"https:\/\/lavandariadamiao.pt\/index.php\/wp-json\/wp\/v2\/comments?post=286"}],"wp:featuredmedia":[{"embeddable":true,"href":"https:\/\/lavandariadamiao.pt\/index.php\/wp-json\/wp\/v2\/media\/260"}],"wp:attachment":[{"href":"https:\/\/lavandariadamiao.pt\/index.php\/wp-json\/wp\/v2\/media?parent=286"}],"wp:term":[{"taxonomy":"product_brand","embeddable":true,"href":"https:\/\/lavandariadamiao.pt\/index.php\/wp-json\/wp\/v2\/product_brand?post=286"},{"taxonomy":"product_cat","embeddable":true,"href":"https:\/\/lavandariadamiao.pt\/index.php\/wp-json\/wp\/v2\/product_cat?post=286"},{"taxonomy":"product_tag","embeddable":true,"href":"https:\/\/lavandariadamiao.pt\/index.php\/wp-json\/wp\/v2\/product_tag?post=286"}],"curies":[{"name":"wp","href":"https:\/\/api.w.org\/{rel}","templated":true}]}}