{"id":223,"date":"2025-09-13T05:38:50","date_gmt":"2025-09-13T05:38:50","guid":{"rendered":"https:\/\/lavandariadamiao.pt\/?post_type=product&#038;p=223"},"modified":"2025-10-04T20:52:37","modified_gmt":"2025-10-04T20:52:37","slug":"edredom-de-solteiro","status":"publish","type":"product","link":"https:\/\/lavandariadamiao.pt\/index.php\/produto\/edredom-de-solteiro\/","title":{"rendered":"Edredom de Solteiro"},"content":{"rendered":"<p>Lavagem completa e cuidada de edredons de solteiro. Utilizamos produtos adequados para eliminar odores, \u00e1caros e bact\u00e9rias, garantindo uma limpeza profunda sem danificar o tecido. Este servi\u00e7o devolve frescura e conforto ao seu edredom, deixando-o pronto para ser usado com total confian\u00e7a.<\/p>\n","protected":false},"excerpt":{"rendered":"<p>Servi\u00e7o de lavagem de edredom de solteiro. Entrega impec\u00e1vel, pronto a utilizar.<\/p>\n","protected":false},"featured_media":265,"comment_status":"open","ping_status":"closed","template":"","meta":[],"product_brand":[],"product_cat":[30],"product_tag":[29],"class_list":{"0":"post-223","1":"product","2":"type-product","3":"status-publish","4":"has-post-thumbnail","6":"product_cat-lavandaria","7":"product_tag-edredom-solteiro","9":"first","10":"instock","11":"virtual","12":"purchasable","13":"product-type-simple"},"_links":{"self":[{"href":"https:\/\/lavandariadamiao.pt\/index.php\/wp-json\/wp\/v2\/product\/223","targetHints":{"allow":["GET"]}}],"collection":[{"href":"https:\/\/lavandariadamiao.pt\/index.php\/wp-json\/wp\/v2\/product"}],"about":[{"href":"https:\/\/lavandariadamiao.pt\/index.php\/wp-json\/wp\/v2\/types\/product"}],"replies":[{"embeddable":true,"href":"https:\/\/lavandariadamiao.pt\/index.php\/wp-json\/wp\/v2\/comments?post=223"}],"wp:featuredmedia":[{"embeddable":true,"href":"https:\/\/lavandariadamiao.pt\/index.php\/wp-json\/wp\/v2\/media\/265"}],"wp:attachment":[{"href":"https:\/\/lavandariadamiao.pt\/index.php\/wp-json\/wp\/v2\/media?parent=223"}],"wp:term":[{"taxonomy":"product_brand","embeddable":true,"href":"https:\/\/lavandariadamiao.pt\/index.php\/wp-json\/wp\/v2\/product_brand?post=223"},{"taxonomy":"product_cat","embeddable":true,"href":"https:\/\/lavandariadamiao.pt\/index.php\/wp-json\/wp\/v2\/product_cat?post=223"},{"taxonomy":"product_tag","embeddable":true,"href":"https:\/\/lavandariadamiao.pt\/index.php\/wp-json\/wp\/v2\/product_tag?post=223"}],"curies":[{"name":"wp","href":"https:\/\/api.w.org\/{rel}","templated":true}]}}